{"id":2171,"date":"2026-04-18T15:48:42","date_gmt":"2026-04-18T20:48:42","guid":{"rendered":"https:\/\/asicomotumakeupcol.com\/?post_type=product&#038;p=2171"},"modified":"2026-04-18T15:48:42","modified_gmt":"2026-04-18T20:48:42","slug":"papel-antigrasa-ani-k","status":"publish","type":"product","link":"https:\/\/asicomotumakeupcol.com\/?product=papel-antigrasa-ani-k","title":{"rendered":"Papel Antigrasa Ani-K"},"content":{"rendered":"","protected":false},"excerpt":{"rendered":"<p>Hojas de c\u00e1\u00f1amo que ayudan al control y absorci\u00f3n de grasa en la piel.<br \/>\n<strong>Medida:<\/strong> 9.5 cm x 7 cm.<\/p>\n","protected":false},"featured_media":2172,"template":"","meta":[],"product_brand":[],"product_cat":[61,54],"product_tag":[],"class_list":{"0":"post-2171","1":"product","2":"type-product","3":"status-publish","4":"has-post-thumbnail","6":"product_cat-ani-k","7":"product_cat-marcas","9":"first","10":"instock","11":"shipping-taxable","12":"purchasable","13":"product-type-simple"},"_links":{"self":[{"href":"https:\/\/asicomotumakeupcol.com\/index.php?rest_route=\/wp\/v2\/product\/2171","targetHints":{"allow":["GET"]}}],"collection":[{"href":"https:\/\/asicomotumakeupcol.com\/index.php?rest_route=\/wp\/v2\/product"}],"about":[{"href":"https:\/\/asicomotumakeupcol.com\/index.php?rest_route=\/wp\/v2\/types\/product"}],"wp:featuredmedia":[{"embeddable":true,"href":"https:\/\/asicomotumakeupcol.com\/index.php?rest_route=\/wp\/v2\/media\/2172"}],"wp:attachment":[{"href":"https:\/\/asicomotumakeupcol.com\/index.php?rest_route=%2Fwp%2Fv2%2Fmedia&parent=2171"}],"wp:term":[{"taxonomy":"product_brand","embeddable":true,"href":"https:\/\/asicomotumakeupcol.com\/index.php?rest_route=%2Fwp%2Fv2%2Fproduct_brand&post=2171"},{"taxonomy":"product_cat","embeddable":true,"href":"https:\/\/asicomotumakeupcol.com\/index.php?rest_route=%2Fwp%2Fv2%2Fproduct_cat&post=2171"},{"taxonomy":"product_tag","embeddable":true,"href":"https:\/\/asicomotumakeupcol.com\/index.php?rest_route=%2Fwp%2Fv2%2Fproduct_tag&post=2171"}],"curies":[{"name":"wp","href":"https:\/\/api.w.org\/{rel}","templated":true}]}}