{"id":2097,"date":"2026-04-01T12:00:26","date_gmt":"2026-04-01T17:00:26","guid":{"rendered":"https:\/\/asicomotumakeupcol.com\/?post_type=product&#038;p=2097"},"modified":"2026-04-01T12:00:26","modified_gmt":"2026-04-01T17:00:26","slug":"set-de-borlas-triangulares-para-maquillaje-x3-montoc","status":"publish","type":"product","link":"https:\/\/asicomotumakeupcol.com\/?product=set-de-borlas-triangulares-para-maquillaje-x3-montoc","title":{"rendered":"Set de borlas triangulares para maquillaje X3 Montoc"},"content":{"rendered":"","protected":false},"excerpt":{"rendered":"<p>El Set de borlas triangulares\u00a0 es un set de\u00a0tres borlas triangulares para maquillaje\u00a0en tama\u00f1os grande, mediano y peque\u00f1o. Est\u00e1n pensadas para aplicar y sellar polvos sueltos o compactos con precisi\u00f3n y acabado uniforme. Su forma facilita llegar a cada \u00e1ngulo del rostro, logrando un sellado limpio y profesional sin dejar marcas ni exceso de producto.<\/p>\n","protected":false},"featured_media":2098,"template":"","meta":[],"product_brand":[],"product_cat":[23,25,58],"product_tag":[],"class_list":{"0":"post-2097","1":"product","2":"type-product","3":"status-publish","4":"has-post-thumbnail","6":"product_cat-accesorios","7":"product_cat-borlas","8":"product_cat-montoc","10":"first","11":"instock","12":"shipping-taxable","13":"purchasable","14":"product-type-simple"},"_links":{"self":[{"href":"https:\/\/asicomotumakeupcol.com\/index.php?rest_route=\/wp\/v2\/product\/2097","targetHints":{"allow":["GET"]}}],"collection":[{"href":"https:\/\/asicomotumakeupcol.com\/index.php?rest_route=\/wp\/v2\/product"}],"about":[{"href":"https:\/\/asicomotumakeupcol.com\/index.php?rest_route=\/wp\/v2\/types\/product"}],"wp:featuredmedia":[{"embeddable":true,"href":"https:\/\/asicomotumakeupcol.com\/index.php?rest_route=\/wp\/v2\/media\/2098"}],"wp:attachment":[{"href":"https:\/\/asicomotumakeupcol.com\/index.php?rest_route=%2Fwp%2Fv2%2Fmedia&parent=2097"}],"wp:term":[{"taxonomy":"product_brand","embeddable":true,"href":"https:\/\/asicomotumakeupcol.com\/index.php?rest_route=%2Fwp%2Fv2%2Fproduct_brand&post=2097"},{"taxonomy":"product_cat","embeddable":true,"href":"https:\/\/asicomotumakeupcol.com\/index.php?rest_route=%2Fwp%2Fv2%2Fproduct_cat&post=2097"},{"taxonomy":"product_tag","embeddable":true,"href":"https:\/\/asicomotumakeupcol.com\/index.php?rest_route=%2Fwp%2Fv2%2Fproduct_tag&post=2097"}],"curies":[{"name":"wp","href":"https:\/\/api.w.org\/{rel}","templated":true}]}}